{"id":816,"date":"2024-04-09T09:03:40","date_gmt":"2024-04-09T07:03:40","guid":{"rendered":"https:\/\/eclimdev.creaf.cat\/politica-de-privacitat\/"},"modified":"2025-10-02T11:49:46","modified_gmt":"2025-10-02T09:49:46","slug":"politica-de-privacitat","status":"publish","type":"page","link":"https:\/\/esferaclimatica.es\/ca\/politica-de-privacitat\/","title":{"rendered":"Pol\u00edtica de privacitat"},"content":{"rendered":"\t\t<div data-elementor-type=\"wp-page\" data-elementor-id=\"816\" class=\"elementor elementor-816 elementor-3\" data-elementor-post-type=\"page\">\n\t\t\t\t<div class=\"elementor-element elementor-element-6c5d65b e-flex e-con-boxed e-con e-parent\" data-id=\"6c5d65b\" data-element_type=\"container\" data-settings=\"{&quot;background_background&quot;:&quot;classic&quot;,&quot;shape_divider_bottom&quot;:&quot;arrow&quot;}\">\n\t\t\t\t\t<div class=\"e-con-inner\">\n\t\t\t\t<div class=\"elementor-shape elementor-shape-bottom\" aria-hidden=\"true\" data-negative=\"false\">\n\t\t\t<svg xmlns=\"http:\/\/www.w3.org\/2000\/svg\" viewBox=\"0 0 700 10\" preserveAspectRatio=\"none\">\n\t<path class=\"elementor-shape-fill\" d=\"M350,10L340,0h20L350,10z\"\/>\n<\/svg>\t\t<\/div>\n\t\t\t\t<div class=\"elementor-element elementor-element-15312f4 elementor-widget elementor-widget-heading\" data-id=\"15312f4\" data-element_type=\"widget\" data-widget_type=\"heading.default\">\n\t\t\t\t<div class=\"elementor-widget-container\">\n\t\t\t\t\t<h1 class=\"elementor-heading-title elementor-size-default\">Pol\u00edtica de privacitat<\/h1>\t\t\t\t<\/div>\n\t\t\t\t<\/div>\n\t\t\t\t\t<\/div>\n\t\t\t\t<\/div>\n\t\t<div class=\"elementor-element elementor-element-46ffaac7 e-flex e-con-boxed e-con e-parent\" data-id=\"46ffaac7\" data-element_type=\"container\">\n\t\t\t\t\t<div class=\"e-con-inner\">\n\t\t\t\t<div class=\"elementor-element elementor-element-7c2487bb elementor-widget elementor-widget-text-editor\" data-id=\"7c2487bb\" data-element_type=\"widget\" data-widget_type=\"text-editor.default\">\n\t\t\t\t<div class=\"elementor-widget-container\">\n\t\t\t\t\t\t\t\t\t\n<p>Aquesta \u00e9s la Pol\u00edtica de Privacitat aplicable al tractament de dades personals de l&#8217;Esfera Clim\u00e0tica, projecte coordinat pel Consorci Centre de Recerca Ecol\u00f2gica i Aplicacions Forestals (CREAF), que s&#8217;incorpora a les condicions establertes en el nostre Av\u00eds legal.<\/p>\n\n<h3 class=\"wp-block-heading\"><strong>IDENTIFICACI\u00d3 I DADES DE CONTACTE DEL CENTRE DE RECERCA ECOL\u00d2GICA I APLICACIONS FORESTALS<\/strong><\/h3>\n\n<p>CENTRE DE RECERCA ECOL\u00d2GICA I APLICACIONS FORESTALS (CREAF) <\/p>\n\n<ul>\n<li>Adre\u00e7a: Campus de la UAB, Edifici C<\/li>\n\n<li>08193 Bellaterra<\/li>\n\n<li>E-mail: <a href=\"mailto:dpo@creaf.uab.cat\">dpo@creaf.uab.cat<\/a><\/li>\n\n<li>Tel\u00e8fon: 93 5811312<\/li>\n\n<li>NIF: Q5850011G<\/li>\n\n<li>Dominis web: <a href=\"http:\/\/www.creaf.cat\/\">www.creaf.cat<\/a><\/li>\n<\/ul>\n\n<p>El CREAF \u00e9s un Consorci P\u00fablic sense \u00e0nim de lucre que es constitueix com un consorci entre la Generalitat de Catalunya, la Universitat Aut\u00f2noma de Barcelona (UAB), el Consell Superior de Recerques Cient\u00edfiques (CSIC), el Institut d&#8217;Estudis Catalans i la Universitat de Barcelona (UB). La missi\u00f3 del CREAF \u00e9s contribuir al coneixement de la conservaci\u00f3 i gesti\u00f3 del medi natural i el territori, i l&#8217;adaptaci\u00f3 al canvi ambiental a escales local, regional i global, actuant com a pont entre el m\u00f3n acad\u00e8mic, les administracions i la societat, i creant opini\u00f3 en els seus \u00e0mbits d&#8217;actuaci\u00f3. <\/p>\n\n<h3 class=\"wp-block-heading\"><strong>LA NOSTRA OFICINA DE PRIVACITAT: DELEGAT\/DA DE PROTECCI\u00d3 DE DADES<\/strong><\/h3>\n\n<p>El Delegat de Protecci\u00f3 de Dades del CREAF \u00e9s la persona responsable de respondre totes les consultes i peticions d&#8217;informaci\u00f3 que necessitis sobre el tractament de les teves dades personals.<\/p>\n\n<p>Adre\u00e7a: CREAF, Campus de la UAB, Edifici C, 08193 Bellaterra.<\/p>\n\n<p>E-mail: <a href=\"mailto:dpo@creaf.uab.cat\" target=\"_blank\" rel=\"noreferrer noopener\">dpo@creaf.uab.cat<\/a> <\/p>\n\n<p>Tel\u00e8fon: 93 581 13 12 <\/p>\n\n<p>De la mateixa manera pots dirigir-te a la nostra Oficina de Privacitat per a exercir els teus drets d&#8217;acc\u00e9s, rectificaci\u00f3, supressi\u00f3 (cancel\u00b7laci\u00f3), portabilitat, limitaci\u00f3 o oposici\u00f3 al tractament a trav\u00e9s de la seg\u00fcent adre\u00e7a de correu electr\u00f2nic: <a href=\"mailto:%20dpo@creaf.uab.cat\">dpo@creaf.uab.cat<\/a> o b\u00e9 enviant una comunicaci\u00f3 escrita a l&#8217;adre\u00e7a postal del CREAF.<\/p>\n\n<h3 class=\"wp-block-heading\"><strong>ELS NOSTRES PRINCIPIS<\/strong><\/h3>\n\n<p>En Esfera Clim\u00e0tica apliquem els principis de protecci\u00f3 de dades establertes en l&#8217;article 5 del Reglament Europeu de Protecci\u00f3 de Dades (Reglament UE 2016\/679 de data 27 d&#8217;abril de 2016), en concret:<\/p>\n\n<ul>\n<li>Nom\u00e9s tractem les teves dades personals amb una base jur\u00eddica v\u00e0lida, ja sigui el teu consentiment, que sempre et demanarem de manera clara i transparent, o en cas que sigui necessari per a executar els contractes en els quals participes.<\/li>\n\n<li>\u00danicament tractem les dades que s\u00f3n necessaris per a complir amb les nostres Finalitats, i no fem cap altre \u00fas.<\/li>\n\n<li>Per a garantir que les dades estiguin actualitzades pots dirigir-te a la nostra Oficina de Privacitat.<\/li>\n\n<li>Nom\u00e9s conservem les dades durant el temps necessari per a complir amb les nostres Finalitats.<\/li>\n\n<li>Apliquem mesures de seguretat per a garantir la integritat, la confidencialitat i la protecci\u00f3 de les teves dades personals contra la p\u00e8rdua, destrucci\u00f3 o altres danys, incloent-hi el xifratge de la informaci\u00f3.<\/li>\n<\/ul>\n\n<h3 class=\"wp-block-heading\"><strong>FINS DEL TRACTAMENT DE LES TEVES DADES PERSONALS<\/strong><\/h3>\n\n<p>En Esfera Clim\u00e0tica recollim i tractem dades personals, si tenim el perm\u00eds de la persona interessada, amb les seg\u00fcents finalitats:<\/p>\n\n<ul>\n<li>Poder facilitar informaci\u00f3 sobre la nostra activitat i serveis, sobretot, a trav\u00e9s del nostre butllet\u00ed i de les nostres comunicacions informatives.<\/li>\n\n<li>Donar resposta a les peticions d&#8217;acc\u00e9s a la nostra informaci\u00f3 p\u00fablica.<\/li>\n\n<li>Realitzar una cerca b\u00e0sica d&#8217;excel\u00b7l\u00e8ncia, innovadora i l\u00edder que pugui ser considerada un referent a nivell nacional i internacional.<\/li>\n\n<li>Promoure una recerca aplicada, especialment en l&#8217;\u00e0mbit forestal, que contribueixi a la gesti\u00f3 i conservaci\u00f3 sostenibles dels recursos i dels ecosistemes.<\/li>\n\n<li>Desenvolupar eines conceptuals i metodol\u00f2giques per a facilitar la presa de decisions i millorar la gesti\u00f3 del mitj\u00e0.<\/li>\n\n<li>Difondre el coneixement cient\u00edfic i tecnol\u00f2gic que generem mitjan\u00e7ant activitats de formaci\u00f3, assessorament i divulgaci\u00f3.<\/li>\n<\/ul>\n\n<h3 class=\"wp-block-heading\"><strong>BASES LEGALS QUE ENS PERMETEN TRACTAR LES DADES PERSONALS<\/strong><\/h3>\n\n<ul>\n<li>El compliment de les nostres obligacions contractuals per a executar els nostres acords i contractes<\/li>\n\n<li>El consentiment expl\u00edcit dels interessats.<\/li>\n\n<li>Quan el tractament \u00e9s necessari per a complir una obligaci\u00f3 legal que ens \u00e9s aplicable.<\/li>\n\n<li>Quan el tractament \u00e9s necessari per a complir una missi\u00f3 realitzada en inter\u00e8s p\u00fablic o en l&#8217;exercici de poders p\u00fablics que ens s\u00f3n conferits com a Consorci P\u00fablic.<\/li>\n\n<li>No est\u00e0s obligat a facilitar-nos les teves dades personals, per\u00f2 en aquest cas no podrem dur a terme les Finalitats.<\/li>\n<\/ul>\n\n<h3 class=\"wp-block-heading\"><strong>QUINES DADES PERSONALS TRACTEM?<\/strong><\/h3>\n\n<p>Nom\u00e9s recollim, quan ho indiquen els nostres diferents formularis de butlletins, les dades m\u00ednimes de contacte com ara nom, adre\u00e7a electr\u00f2nica, tel\u00e8fon i entitat a la qual pertanys per a enviar-te els nostres butlletins i comunicacions, i mantenir-te informat \/ a sobre la nostra activitat.<\/p>\n\n<p>Tamb\u00e9 podem recollir les teves dades personals quan sol\u00b7licites els nostres serveis o col\u00b7labores amb nosaltres a trav\u00e9s dels formularis o correus electr\u00f2nics, sempre que aix\u00ed ens ho comuniquis. Tamb\u00e9 quan ferms un contracte amb nosaltres. Sempre ens assegurarem de tractar les m\u00ednimes dades necess\u00e0ries i guardar-los el temps estrictament necessari per a gestionar la nostra col\u00b7laboraci\u00f3 o prestar-te els nostres serveis i poder seguir en contacte per a futures col\u00b7laboracions.  <\/p>\n\n<h3 class=\"wp-block-heading\"><strong>AMB QUI COMPARTIM LES DADES PERSONALS?<\/strong><\/h3>\n\n<p>Nom\u00e9s compartim les teves dades personals amb els nostres prove\u00efdors i \u00fanicament en la mesura necess\u00e0ria per a garantir i realitzar els nostres serveis, desenvolupar les eines de transfer\u00e8ncia del coneixement i garantir que els interessats \u200b\u200bhan estat informats sobre la nostra activitat.<\/p>\n\n<h3 class=\"wp-block-heading\"><strong>QUINS DRETS TENS I COM EXERCIR-LOS<\/strong><\/h3>\n\n<p>Pots exercir els teus drets relatius a les seves dades personals i privacitat en qualsevol moment, i de manera gratu\u00efta, segons estableix la normativa aplicable, com ara:<\/p>\n\n<ol>\n<li>Con\u00e8ixer quines dades de car\u00e0cter personal est\u00e0 tractant Esfera Clim\u00e0tica, per a qu\u00e8 fins i amb quins tercers destinataris es comparteixen.<\/li>\n\n<li>Obtenir una c\u00f2pia d&#8217;aquestes dades (la segona i successives c\u00f2pies poden generar costos administratius)<\/li>\n\n<li>Sol\u00b7licitar que es rectifiquin les dades personals inexactes, o que es completin aquelles dades incompletes<\/li>\n\n<li>Sol\u00b7licitar la supressi\u00f3 de les teves dades personals quan deixin de ser necessaris per a la finalitat (s) per les quals van ser recollides.<\/li>\n\n<li>Sol\u00b7licitar la limitaci\u00f3 del tractament de les teves dades personals, en tant que es verifica la seva potencial inexactitud i altres sup\u00f2sits previstos en la normativa aplicable.<\/li>\n\n<li>El dret al fet que les teves dades personals siguin transmesos a una altra empresa en un format com\u00fa estructurat (dret a la portabilitat de les teves dades).<\/li>\n\n<li>El dret a oposar-se al tractament de les teves dades personals per l&#8217;Esfera Clim\u00e0tica.<\/li>\n<\/ol>\n\n<p>Per a exercir aquests drets pots dirigir-te a la nostra Oficina de Privacitat escrivint a la seg\u00fcent adre\u00e7a de correu electr\u00f2nic: <a href=\"mailto:%20dpo@creaf.uab.cat\">dpo@creaf.uab.cat o b\u00e9 enviant una comunicaci\u00f3 escrita a l&#8217;adre\u00e7a postal del CREAF.<\/a><\/p>\n\n<p>En cas que sentis vulnerats els teus drets en mat\u00e8ria de protecci\u00f3 de dades, pots dirigir-te a la <a href=\"http:\/\/apdcat.gencat.cat\/es\/inici\/index.html\">Autoritat Catalana de Protecci\u00f3 de Dades.<\/a><\/p>\n\t\t\t\t\t\t\t\t<\/div>\n\t\t\t\t<\/div>\n\t\t\t\t\t<\/div>\n\t\t\t\t<\/div>\n\t\t\t\t<\/div>\n\t\t","protected":false},"excerpt":{"rendered":"<p>Pol\u00edtica de privacitat Aquesta \u00e9s la Pol\u00edtica de Privacitat aplicable al tractament de dades personals de l&#8217;Esfera Clim\u00e0tica, projecte coordinat pel Consorci Centre de Recerca Ecol\u00f2gica i Aplicacions Forestals (CREAF), que s&#8217;incorpora a les condicions establertes en el nostre Av\u00eds legal. IDENTIFICACI\u00d3 I DADES DE CONTACTE DEL CENTRE DE RECERCA ECOL\u00d2GICA I APLICACIONS FORESTALS CENTRE [&hellip;]<\/p>\n","protected":false},"author":1,"featured_media":0,"parent":0,"menu_order":0,"comment_status":"closed","ping_status":"open","template":"","meta":{"_acf_changed":false,"footnotes":""},"class_list":["post-816","page","type-page","status-publish","hentry"],"acf":[],"aioseo_notices":[],"_links":{"self":[{"href":"https:\/\/esferaclimatica.es\/ca\/wp-json\/wp\/v2\/pages\/816","targetHints":{"allow":["GET"]}}],"collection":[{"href":"https:\/\/esferaclimatica.es\/ca\/wp-json\/wp\/v2\/pages"}],"about":[{"href":"https:\/\/esferaclimatica.es\/ca\/wp-json\/wp\/v2\/types\/page"}],"author":[{"embeddable":true,"href":"https:\/\/esferaclimatica.es\/ca\/wp-json\/wp\/v2\/users\/1"}],"replies":[{"embeddable":true,"href":"https:\/\/esferaclimatica.es\/ca\/wp-json\/wp\/v2\/comments?post=816"}],"version-history":[{"count":3,"href":"https:\/\/esferaclimatica.es\/ca\/wp-json\/wp\/v2\/pages\/816\/revisions"}],"predecessor-version":[{"id":819,"href":"https:\/\/esferaclimatica.es\/ca\/wp-json\/wp\/v2\/pages\/816\/revisions\/819"}],"wp:attachment":[{"href":"https:\/\/esferaclimatica.es\/ca\/wp-json\/wp\/v2\/media?parent=816"}],"curies":[{"name":"wp","href":"https:\/\/api.w.org\/{rel}","templated":true}]}}